{"id":2,"date":"2025-11-11T18:30:40","date_gmt":"2025-11-11T16:30:40","guid":{"rendered":"https:\/\/myllymaki.cc\/wordpress\/?page_id=2"},"modified":"2025-11-11T19:03:30","modified_gmt":"2025-11-11T17:03:30","slug":"esimerkkisivu","status":"publish","type":"page","link":"https:\/\/myllymaki.cc\/wordpress\/esimerkkisivu\/","title":{"rendered":"Myllym\u00e4kisten reissusivusto"},"content":{"rendered":"\n<p>T\u00e4lle sivulle on tarkoitus ker\u00e4t\u00e4 p\u00e4iv\u00e4kirjamaista tarinaa ja kuvia reissuista, mit\u00e4 tyypillisimmin tehd\u00e4\u00e4n koirien ja Poksin kanssa. <\/p>\n\n\n","protected":false},"excerpt":{"rendered":"<p>T\u00e4lle sivulle on tarkoitus ker\u00e4t\u00e4 p\u00e4iv\u00e4kirjamaista tarinaa ja kuvia reissuista, mit\u00e4 tyypillisimmin tehd\u00e4\u00e4n koirien ja Poksin kanssa.<\/p>\n","protected":false},"author":1,"featured_media":0,"parent":0,"menu_order":0,"comment_status":"closed","ping_status":"open","template":"","meta":{"footnotes":""},"class_list":["post-2","page","type-page","status-publish","hentry"],"_links":{"self":[{"href":"https:\/\/myllymaki.cc\/wordpress\/wp-json\/wp\/v2\/pages\/2","targetHints":{"allow":["GET"]}}],"collection":[{"href":"https:\/\/myllymaki.cc\/wordpress\/wp-json\/wp\/v2\/pages"}],"about":[{"href":"https:\/\/myllymaki.cc\/wordpress\/wp-json\/wp\/v2\/types\/page"}],"author":[{"embeddable":true,"href":"https:\/\/myllymaki.cc\/wordpress\/wp-json\/wp\/v2\/users\/1"}],"replies":[{"embeddable":true,"href":"https:\/\/myllymaki.cc\/wordpress\/wp-json\/wp\/v2\/comments?post=2"}],"version-history":[{"count":2,"href":"https:\/\/myllymaki.cc\/wordpress\/wp-json\/wp\/v2\/pages\/2\/revisions"}],"predecessor-version":[{"id":13,"href":"https:\/\/myllymaki.cc\/wordpress\/wp-json\/wp\/v2\/pages\/2\/revisions\/13"}],"wp:attachment":[{"href":"https:\/\/myllymaki.cc\/wordpress\/wp-json\/wp\/v2\/media?parent=2"}],"curies":[{"name":"wp","href":"https:\/\/api.w.org\/{rel}","templated":true}]}}